{"id":21,"date":"2016-09-05T20:27:12","date_gmt":"2016-09-05T20:27:12","guid":{"rendered":"http:\/\/demos.famethemes.com\/screenr\/?page_id=21"},"modified":"2024-07-17T19:30:49","modified_gmt":"2024-07-17T22:30:49","slug":"mobile-apps-development","status":"publish","type":"page","link":"https:\/\/bilheteazul.com.br\/?page_id=21","title":{"rendered":"Contatos"},"content":{"rendered":"\n<p>Estamos aqui para responder qualquer d\u00favida e ouvir suas sugest\u00f5es.<br>Entre em contato conosco atrav\u00e9s do formul\u00e1rio dispon\u00edvel no site ou pelos nossos canais de comunica\u00e7\u00e3o:<br>E-mail:\u00a0<a href=\"mailto:contato@bilheteazul.com.br\">contato@bilheteazul.com.br<\/a><br>Telefone:\u00a0<a href=\"https:\/\/api.whatsapp.com\/send?phone=5511999283505&amp;text=%F0%9F%A4%96Ol%C3%A1.%20gostaria%20de%20mais%20informa%C3%A7%C3%B5es%20sobre%20a%20Bilhete%20Azul.\">+55 11 2395-0990<\/a><br>whatsapp: <a href=\"https:\/\/wa.link\/ls0eyd\" target=\"_blank\" rel=\"noreferrer noopener\">Clique Aqui<\/a><br>Redes Sociais: Siga-nos no Facebook, Instagram e Twitter.<\/p>\n\n\n\n<p><\/p>\n\n\n\n<div class=\"wpcf7 no-js\" id=\"wpcf7-f1408-o1\" lang=\"pt-BR\" dir=\"ltr\" data-wpcf7-id=\"1408\">\n<div class=\"screen-reader-response\"><p role=\"status\" aria-live=\"polite\" aria-atomic=\"true\"><\/p> <ul><\/ul><\/div>\n<form action=\"\/index.php?rest_route=%2Fwp%2Fv2%2Fpages%2F21#wpcf7-f1408-o1\" method=\"post\" class=\"wpcf7-form init cf7skins cf7t-contact cf7s-seaspray\" aria-label=\"Formul\u00e1rios de contato\" novalidate=\"novalidate\" data-status=\"init\">\n<div style=\"display: none;\">\n<input type=\"hidden\" name=\"_wpcf7\" value=\"1408\" \/>\n<input type=\"hidden\" name=\"_wpcf7_version\" value=\"6.0.4\" \/>\n<input type=\"hidden\" name=\"_wpcf7_locale\" value=\"pt_BR\" \/>\n<input type=\"hidden\" name=\"_wpcf7_unit_tag\" value=\"wpcf7-f1408-o1\" \/>\n<input type=\"hidden\" name=\"_wpcf7_container_post\" value=\"0\" \/>\n<input type=\"hidden\" name=\"_wpcf7_posted_data_hash\" value=\"\" \/>\n<\/div>\n<fieldset>\n\t<legend>Formul\u00e1rio de Contato<\/legend>\n\t<ol>\n\t\t<li><label for=''>Nome <em class=\"cf7s-reqd\">*<\/em> <\/label><span class=\"wpcf7-form-control-wrap\" data-name=\"text-180\"><input size=\"40\" maxlength=\"400\" class=\"wpcf7-form-control wpcf7-text wpcf7-validates-as-required\" aria-required=\"true\" aria-invalid=\"false\" value=\"\" type=\"text\" name=\"text-180\" \/><\/span><\/li>\n\t\t<li><label for=''>Email <em class=\"cf7s-reqd\">*<\/em> <\/label><span class=\"wpcf7-form-control-wrap\" data-name=\"email-919\"><input size=\"40\" maxlength=\"400\" class=\"wpcf7-form-control wpcf7-email wpcf7-validates-as-required wpcf7-text wpcf7-validates-as-email\" aria-required=\"true\" aria-invalid=\"false\" value=\"\" type=\"email\" name=\"email-919\" \/><\/span><\/li>\n\t\t<li><label for=''>Mensagem <em class=\"cf7s-reqd\">*<\/em> <\/label><span class=\"wpcf7-form-control-wrap\" data-name=\"textarea-734\"><textarea cols=\"40\" rows=\"10\" maxlength=\"2000\" class=\"wpcf7-form-control wpcf7-textarea wpcf7-validates-as-required\" aria-required=\"true\" aria-invalid=\"false\" name=\"textarea-734\"><\/textarea><\/span><\/li>\n\t<\/ol>\n\t<input class=\"wpcf7-form-control wpcf7-submit has-spinner\" type=\"submit\" value=\"Enviar Contato\" \/>\n<\/fieldset><div class=\"wpcf7-response-output\" aria-hidden=\"true\"><\/div>\n<\/form>\n<\/div>\n\n","protected":false},"excerpt":{"rendered":"<p>iPhone, iPad, Android Apps \u2013 We offer our clients an additional resource to drive their online activities, target new audiences and increase market penetration.<\/p>\n","protected":false},"author":1,"featured_media":22,"parent":0,"menu_order":0,"comment_status":"closed","ping_status":"closed","template":"","meta":{"footnotes":""},"class_list":["post-21","page","type-page","status-publish","has-post-thumbnail","hentry"],"_links":{"self":[{"href":"https:\/\/bilheteazul.com.br\/index.php?rest_route=\/wp\/v2\/pages\/21","targetHints":{"allow":["GET"]}}],"collection":[{"href":"https:\/\/bilheteazul.com.br\/index.php?rest_route=\/wp\/v2\/pages"}],"about":[{"href":"https:\/\/bilheteazul.com.br\/index.php?rest_route=\/wp\/v2\/types\/page"}],"author":[{"embeddable":true,"href":"https:\/\/bilheteazul.com.br\/index.php?rest_route=\/wp\/v2\/users\/1"}],"replies":[{"embeddable":true,"href":"https:\/\/bilheteazul.com.br\/index.php?rest_route=%2Fwp%2Fv2%2Fcomments&post=21"}],"version-history":[{"count":7,"href":"https:\/\/bilheteazul.com.br\/index.php?rest_route=\/wp\/v2\/pages\/21\/revisions"}],"predecessor-version":[{"id":1413,"href":"https:\/\/bilheteazul.com.br\/index.php?rest_route=\/wp\/v2\/pages\/21\/revisions\/1413"}],"wp:featuredmedia":[{"embeddable":true,"href":"https:\/\/bilheteazul.com.br\/index.php?rest_route=\/"}],"wp:attachment":[{"href":"https:\/\/bilheteazul.com.br\/index.php?rest_route=%2Fwp%2Fv2%2Fmedia&parent=21"}],"curies":[{"name":"wp","href":"https:\/\/api.w.org\/{rel}","templated":true}]}}